{"id":15368,"date":"2021-06-30T09:55:05","date_gmt":"2021-06-30T07:55:05","guid":{"rendered":"https:\/\/us.officinegullo.com\/contacts\/"},"modified":"2025-06-06T12:52:30","modified_gmt":"2025-06-06T10:52:30","slug":"contacts-et-salle-dexposition","status":"publish","type":"page","link":"https:\/\/us.officinegullo.com\/fr-ca\/contacts\/","title":{"rendered":"Contacts et salle d&rsquo;exposition"},"content":{"rendered":"","protected":false},"excerpt":{"rendered":"","protected":false},"author":1,"featured_media":0,"parent":0,"menu_order":0,"comment_status":"closed","ping_status":"closed","template":"tpl-showroom2.php","meta":{"_acf_changed":false,"footnotes":""},"class_list":["post-15368","page","type-page","status-publish","hentry"],"acf":[],"yoast_head":"<!-- This site is optimized with the Yoast SEO Premium plugin v27.2 (Yoast SEO v27.2) - https:\/\/yoast.com\/product\/yoast-seo-premium-wordpress\/ -->\n<title>Contacts et Showroom Officine Gullo | Remplir le formulaire<\/title>\n<meta name=\"description\" content=\"Choisissez votre pays et d\u00e9couvrez les Showrooms, Contacts et Revendeurs les plus proches de chez vous. Remplissez le formulaire pour \u00eatre contact\u00e9 par notre personnel.\" \/>\n<meta name=\"robots\" content=\"index, follow, max-snippet:-1, max-image-preview:large, max-video-preview:-1\" \/>\n<link rel=\"canonical\" href=\"https:\/\/us.officinegullo.com\/fr-ca\/contacts\/\" \/>\n<meta property=\"og:locale\" content=\"fr_CA\" \/>\n<meta property=\"og:type\" content=\"article\" \/>\n<meta property=\"og:title\" content=\"Contacts et Showroom Officine Gullo | Remplir le formulaire\" \/>\n<meta property=\"og:description\" content=\"Choisissez votre pays et d\u00e9couvrez les Showrooms, Contacts et Revendeurs les plus proches de chez vous. Remplissez le formulaire pour \u00eatre contact\u00e9 par notre personnel.\" \/>\n<meta property=\"og:url\" content=\"https:\/\/us.officinegullo.com\/fr-ca\/contacts\/\" \/>\n<meta property=\"og:site_name\" content=\"Officine Gullo\" \/>\n<meta property=\"article:modified_time\" content=\"2025-06-06T10:52:30+00:00\" \/>\n<meta name=\"twitter:card\" content=\"summary_large_image\" \/>\n<script type=\"application\/ld+json\" class=\"yoast-schema-graph\">{\"@context\":\"https:\/\/schema.org\",\"@graph\":[{\"@type\":\"WebPage\",\"@id\":\"https:\/\/us.officinegullo.com\/fr-ca\/contacts\/\",\"url\":\"https:\/\/us.officinegullo.com\/fr-ca\/contacts\/\",\"name\":\"Contacts et Showroom Officine Gullo | Remplir le formulaire\",\"isPartOf\":{\"@id\":\"https:\/\/us.officinegullo.com\/fr-ca\/#website\"},\"datePublished\":\"2021-06-30T07:55:05+00:00\",\"dateModified\":\"2025-06-06T10:52:30+00:00\",\"description\":\"Choisissez votre pays et d\u00e9couvrez les Showrooms, Contacts et Revendeurs les plus proches de chez vous. Remplissez le formulaire pour \u00eatre contact\u00e9 par notre personnel.\",\"breadcrumb\":{\"@id\":\"https:\/\/us.officinegullo.com\/fr-ca\/contacts\/#breadcrumb\"},\"inLanguage\":\"fr-CA\",\"potentialAction\":[{\"@type\":\"ReadAction\",\"target\":[\"https:\/\/us.officinegullo.com\/fr-ca\/contacts\/\"]}]},{\"@type\":\"BreadcrumbList\",\"@id\":\"https:\/\/us.officinegullo.com\/fr-ca\/contacts\/#breadcrumb\",\"itemListElement\":[{\"@type\":\"ListItem\",\"position\":1,\"name\":\"Home\",\"item\":\"https:\/\/us.officinegullo.com\/fr-ca\/\"},{\"@type\":\"ListItem\",\"position\":2,\"name\":\"Contacts et salle d&#8217;exposition\"}]},{\"@type\":\"WebSite\",\"@id\":\"https:\/\/us.officinegullo.com\/fr-ca\/#website\",\"url\":\"https:\/\/us.officinegullo.com\/fr-ca\/\",\"name\":\"Officine Gullo\",\"description\":\"Un nuovo sito targato WordPress\",\"potentialAction\":[{\"@type\":\"SearchAction\",\"target\":{\"@type\":\"EntryPoint\",\"urlTemplate\":\"https:\/\/us.officinegullo.com\/fr-ca\/?s={search_term_string}\"},\"query-input\":{\"@type\":\"PropertyValueSpecification\",\"valueRequired\":true,\"valueName\":\"search_term_string\"}}],\"inLanguage\":\"fr-CA\"}]}<\/script>\n<!-- \/ Yoast SEO Premium plugin. -->","yoast_head_json":{"title":"Contacts et Showroom Officine Gullo | Remplir le formulaire","description":"Choisissez votre pays et d\u00e9couvrez les Showrooms, Contacts et Revendeurs les plus proches de chez vous. Remplissez le formulaire pour \u00eatre contact\u00e9 par notre personnel.","robots":{"index":"index","follow":"follow","max-snippet":"max-snippet:-1","max-image-preview":"max-image-preview:large","max-video-preview":"max-video-preview:-1"},"canonical":"https:\/\/us.officinegullo.com\/fr-ca\/contacts\/","og_locale":"fr_CA","og_type":"article","og_title":"Contacts et Showroom Officine Gullo | Remplir le formulaire","og_description":"Choisissez votre pays et d\u00e9couvrez les Showrooms, Contacts et Revendeurs les plus proches de chez vous. Remplissez le formulaire pour \u00eatre contact\u00e9 par notre personnel.","og_url":"https:\/\/us.officinegullo.com\/fr-ca\/contacts\/","og_site_name":"Officine Gullo","article_modified_time":"2025-06-06T10:52:30+00:00","twitter_card":"summary_large_image","schema":{"@context":"https:\/\/schema.org","@graph":[{"@type":"WebPage","@id":"https:\/\/us.officinegullo.com\/fr-ca\/contacts\/","url":"https:\/\/us.officinegullo.com\/fr-ca\/contacts\/","name":"Contacts et Showroom Officine Gullo | Remplir le formulaire","isPartOf":{"@id":"https:\/\/us.officinegullo.com\/fr-ca\/#website"},"datePublished":"2021-06-30T07:55:05+00:00","dateModified":"2025-06-06T10:52:30+00:00","description":"Choisissez votre pays et d\u00e9couvrez les Showrooms, Contacts et Revendeurs les plus proches de chez vous. Remplissez le formulaire pour \u00eatre contact\u00e9 par notre personnel.","breadcrumb":{"@id":"https:\/\/us.officinegullo.com\/fr-ca\/contacts\/#breadcrumb"},"inLanguage":"fr-CA","potentialAction":[{"@type":"ReadAction","target":["https:\/\/us.officinegullo.com\/fr-ca\/contacts\/"]}]},{"@type":"BreadcrumbList","@id":"https:\/\/us.officinegullo.com\/fr-ca\/contacts\/#breadcrumb","itemListElement":[{"@type":"ListItem","position":1,"name":"Home","item":"https:\/\/us.officinegullo.com\/fr-ca\/"},{"@type":"ListItem","position":2,"name":"Contacts et salle d&#8217;exposition"}]},{"@type":"WebSite","@id":"https:\/\/us.officinegullo.com\/fr-ca\/#website","url":"https:\/\/us.officinegullo.com\/fr-ca\/","name":"Officine Gullo","description":"Un nuovo sito targato WordPress","potentialAction":[{"@type":"SearchAction","target":{"@type":"EntryPoint","urlTemplate":"https:\/\/us.officinegullo.com\/fr-ca\/?s={search_term_string}"},"query-input":{"@type":"PropertyValueSpecification","valueRequired":true,"valueName":"search_term_string"}}],"inLanguage":"fr-CA"}]}},"_links":{"self":[{"href":"https:\/\/us.officinegullo.com\/fr-ca\/wp-json\/wp\/v2\/pages\/15368","targetHints":{"allow":["GET"]}}],"collection":[{"href":"https:\/\/us.officinegullo.com\/fr-ca\/wp-json\/wp\/v2\/pages"}],"about":[{"href":"https:\/\/us.officinegullo.com\/fr-ca\/wp-json\/wp\/v2\/types\/page"}],"author":[{"embeddable":true,"href":"https:\/\/us.officinegullo.com\/fr-ca\/wp-json\/wp\/v2\/users\/1"}],"replies":[{"embeddable":true,"href":"https:\/\/us.officinegullo.com\/fr-ca\/wp-json\/wp\/v2\/comments?post=15368"}],"version-history":[{"count":26,"href":"https:\/\/us.officinegullo.com\/fr-ca\/wp-json\/wp\/v2\/pages\/15368\/revisions"}],"predecessor-version":[{"id":56890,"href":"https:\/\/us.officinegullo.com\/fr-ca\/wp-json\/wp\/v2\/pages\/15368\/revisions\/56890"}],"wp:attachment":[{"href":"https:\/\/us.officinegullo.com\/fr-ca\/wp-json\/wp\/v2\/media?parent=15368"}],"curies":[{"name":"wp","href":"https:\/\/api.w.org\/{rel}","templated":true}]}}