{"id":15345,"date":"2021-08-06T14:39:11","date_gmt":"2021-08-06T12:39:11","guid":{"rendered":"https:\/\/us.officinegullo.com\/home\/"},"modified":"2025-06-17T12:41:39","modified_gmt":"2025-06-17T10:41:39","slug":"home","status":"publish","type":"page","link":"https:\/\/us.officinegullo.com\/fr-ca\/","title":{"rendered":"Home"},"content":{"rendered":"","protected":false},"excerpt":{"rendered":"","protected":false},"author":1,"featured_media":23744,"parent":0,"menu_order":0,"comment_status":"closed","ping_status":"closed","template":"tpl-home.php","meta":{"_acf_changed":false,"footnotes":""},"class_list":["post-15345","page","type-page","status-publish","has-post-thumbnail","hentry"],"acf":[],"yoast_head":"<!-- This site is optimized with the Yoast SEO Premium plugin v27.2 (Yoast SEO v27.2) - https:\/\/yoast.com\/product\/yoast-seo-premium-wordpress\/ -->\n<title>Cuisines de luxe artisanales italiennes | Officine Gullo<\/title>\n<meta name=\"description\" content=\"Officine Gullo fabrique des cuisines de luxe artisanales avec des mat\u00e9riaux de haute qualit\u00e9 et un design unique et raffin\u00e9.\" \/>\n<meta name=\"robots\" content=\"index, follow, max-snippet:-1, max-image-preview:large, max-video-preview:-1\" \/>\n<link rel=\"canonical\" href=\"https:\/\/us.officinegullo.com\/fr-ca\/\" \/>\n<meta property=\"og:locale\" content=\"fr_CA\" \/>\n<meta property=\"og:type\" content=\"article\" \/>\n<meta property=\"og:title\" content=\"Cuisines de luxe artisanales italiennes | Officine Gullo\" \/>\n<meta property=\"og:description\" content=\"Officine Gullo fabrique des cuisines de luxe artisanales avec des mat\u00e9riaux de haute qualit\u00e9 et un design unique et raffin\u00e9.\" \/>\n<meta property=\"og:url\" content=\"https:\/\/us.officinegullo.com\/fr-ca\/\" \/>\n<meta property=\"og:site_name\" content=\"Officine Gullo\" \/>\n<meta property=\"article:modified_time\" content=\"2025-06-17T10:41:39+00:00\" \/>\n<meta property=\"og:image\" content=\"https:\/\/s3.eu-central-1.amazonaws.com\/us.officinegullo.com\/wp-content\/uploads\/2022\/08\/01152445\/U9A2329--1024x673.jpg\" \/>\n\t<meta property=\"og:image:width\" content=\"1024\" \/>\n\t<meta property=\"og:image:height\" content=\"673\" \/>\n\t<meta property=\"og:image:type\" content=\"image\/jpeg\" \/>\n<meta name=\"twitter:card\" content=\"summary_large_image\" \/>\n<meta name=\"twitter:label1\" content=\"Estimation du temps de lecture\" \/>\n\t<meta name=\"twitter:data1\" content=\"1 minute\" \/>\n<script type=\"application\/ld+json\" class=\"yoast-schema-graph\">{\"@context\":\"https:\/\/schema.org\",\"@graph\":[{\"@type\":\"WebPage\",\"@id\":\"https:\/\/us.officinegullo.com\/fr-ca\/\",\"url\":\"https:\/\/us.officinegullo.com\/fr-ca\/\",\"name\":\"Cuisines de luxe artisanales italiennes | Officine Gullo\",\"isPartOf\":{\"@id\":\"https:\/\/us.officinegullo.com\/fr-ca\/#website\"},\"primaryImageOfPage\":{\"@id\":\"https:\/\/us.officinegullo.com\/fr-ca\/#primaryimage\"},\"image\":{\"@id\":\"https:\/\/us.officinegullo.com\/fr-ca\/#primaryimage\"},\"thumbnailUrl\":\"https:\/\/s3.eu-central-1.amazonaws.com\/us.officinegullo.com\/wp-content\/uploads\/2022\/08\/01152445\/U9A2329-.jpg\",\"datePublished\":\"2021-08-06T12:39:11+00:00\",\"dateModified\":\"2025-06-17T10:41:39+00:00\",\"description\":\"Officine Gullo fabrique des cuisines de luxe artisanales avec des mat\u00e9riaux de haute qualit\u00e9 et un design unique et raffin\u00e9.\",\"breadcrumb\":{\"@id\":\"https:\/\/us.officinegullo.com\/fr-ca\/#breadcrumb\"},\"inLanguage\":\"fr-CA\",\"potentialAction\":[{\"@type\":\"ReadAction\",\"target\":[\"https:\/\/us.officinegullo.com\/fr-ca\/\"]}]},{\"@type\":\"ImageObject\",\"inLanguage\":\"fr-CA\",\"@id\":\"https:\/\/us.officinegullo.com\/fr-ca\/#primaryimage\",\"url\":\"https:\/\/s3.eu-central-1.amazonaws.com\/us.officinegullo.com\/wp-content\/uploads\/2022\/08\/01152445\/U9A2329-.jpg\",\"contentUrl\":\"https:\/\/s3.eu-central-1.amazonaws.com\/us.officinegullo.com\/wp-content\/uploads\/2022\/08\/01152445\/U9A2329-.jpg\",\"width\":2500,\"height\":1643},{\"@type\":\"BreadcrumbList\",\"@id\":\"https:\/\/us.officinegullo.com\/fr-ca\/#breadcrumb\",\"itemListElement\":[{\"@type\":\"ListItem\",\"position\":1,\"name\":\"Home\",\"item\":\"https:\/\/us.officinegullo.com\/fr-ca\/\"},{\"@type\":\"ListItem\",\"position\":2,\"name\":\"Home\"}]},{\"@type\":\"WebSite\",\"@id\":\"https:\/\/us.officinegullo.com\/fr-ca\/#website\",\"url\":\"https:\/\/us.officinegullo.com\/fr-ca\/\",\"name\":\"Officine Gullo\",\"description\":\"Un nuovo sito targato WordPress\",\"potentialAction\":[{\"@type\":\"SearchAction\",\"target\":{\"@type\":\"EntryPoint\",\"urlTemplate\":\"https:\/\/us.officinegullo.com\/fr-ca\/?s={search_term_string}\"},\"query-input\":{\"@type\":\"PropertyValueSpecification\",\"valueRequired\":true,\"valueName\":\"search_term_string\"}}],\"inLanguage\":\"fr-CA\"}]}<\/script>\n<!-- \/ Yoast SEO Premium plugin. -->","yoast_head_json":{"title":"Cuisines de luxe artisanales italiennes | Officine Gullo","description":"Officine Gullo fabrique des cuisines de luxe artisanales avec des mat\u00e9riaux de haute qualit\u00e9 et un design unique et raffin\u00e9.","robots":{"index":"index","follow":"follow","max-snippet":"max-snippet:-1","max-image-preview":"max-image-preview:large","max-video-preview":"max-video-preview:-1"},"canonical":"https:\/\/us.officinegullo.com\/fr-ca\/","og_locale":"fr_CA","og_type":"article","og_title":"Cuisines de luxe artisanales italiennes | Officine Gullo","og_description":"Officine Gullo fabrique des cuisines de luxe artisanales avec des mat\u00e9riaux de haute qualit\u00e9 et un design unique et raffin\u00e9.","og_url":"https:\/\/us.officinegullo.com\/fr-ca\/","og_site_name":"Officine Gullo","article_modified_time":"2025-06-17T10:41:39+00:00","og_image":[{"width":1024,"height":673,"url":"https:\/\/s3.eu-central-1.amazonaws.com\/us.officinegullo.com\/wp-content\/uploads\/2022\/08\/01152445\/U9A2329--1024x673.jpg","type":"image\/jpeg"}],"twitter_card":"summary_large_image","twitter_misc":{"Estimation du temps de lecture":"1 minute"},"schema":{"@context":"https:\/\/schema.org","@graph":[{"@type":"WebPage","@id":"https:\/\/us.officinegullo.com\/fr-ca\/","url":"https:\/\/us.officinegullo.com\/fr-ca\/","name":"Cuisines de luxe artisanales italiennes | Officine Gullo","isPartOf":{"@id":"https:\/\/us.officinegullo.com\/fr-ca\/#website"},"primaryImageOfPage":{"@id":"https:\/\/us.officinegullo.com\/fr-ca\/#primaryimage"},"image":{"@id":"https:\/\/us.officinegullo.com\/fr-ca\/#primaryimage"},"thumbnailUrl":"https:\/\/s3.eu-central-1.amazonaws.com\/us.officinegullo.com\/wp-content\/uploads\/2022\/08\/01152445\/U9A2329-.jpg","datePublished":"2021-08-06T12:39:11+00:00","dateModified":"2025-06-17T10:41:39+00:00","description":"Officine Gullo fabrique des cuisines de luxe artisanales avec des mat\u00e9riaux de haute qualit\u00e9 et un design unique et raffin\u00e9.","breadcrumb":{"@id":"https:\/\/us.officinegullo.com\/fr-ca\/#breadcrumb"},"inLanguage":"fr-CA","potentialAction":[{"@type":"ReadAction","target":["https:\/\/us.officinegullo.com\/fr-ca\/"]}]},{"@type":"ImageObject","inLanguage":"fr-CA","@id":"https:\/\/us.officinegullo.com\/fr-ca\/#primaryimage","url":"https:\/\/s3.eu-central-1.amazonaws.com\/us.officinegullo.com\/wp-content\/uploads\/2022\/08\/01152445\/U9A2329-.jpg","contentUrl":"https:\/\/s3.eu-central-1.amazonaws.com\/us.officinegullo.com\/wp-content\/uploads\/2022\/08\/01152445\/U9A2329-.jpg","width":2500,"height":1643},{"@type":"BreadcrumbList","@id":"https:\/\/us.officinegullo.com\/fr-ca\/#breadcrumb","itemListElement":[{"@type":"ListItem","position":1,"name":"Home","item":"https:\/\/us.officinegullo.com\/fr-ca\/"},{"@type":"ListItem","position":2,"name":"Home"}]},{"@type":"WebSite","@id":"https:\/\/us.officinegullo.com\/fr-ca\/#website","url":"https:\/\/us.officinegullo.com\/fr-ca\/","name":"Officine Gullo","description":"Un nuovo sito targato WordPress","potentialAction":[{"@type":"SearchAction","target":{"@type":"EntryPoint","urlTemplate":"https:\/\/us.officinegullo.com\/fr-ca\/?s={search_term_string}"},"query-input":{"@type":"PropertyValueSpecification","valueRequired":true,"valueName":"search_term_string"}}],"inLanguage":"fr-CA"}]}},"_links":{"self":[{"href":"https:\/\/us.officinegullo.com\/fr-ca\/wp-json\/wp\/v2\/pages\/15345","targetHints":{"allow":["GET"]}}],"collection":[{"href":"https:\/\/us.officinegullo.com\/fr-ca\/wp-json\/wp\/v2\/pages"}],"about":[{"href":"https:\/\/us.officinegullo.com\/fr-ca\/wp-json\/wp\/v2\/types\/page"}],"author":[{"embeddable":true,"href":"https:\/\/us.officinegullo.com\/fr-ca\/wp-json\/wp\/v2\/users\/1"}],"replies":[{"embeddable":true,"href":"https:\/\/us.officinegullo.com\/fr-ca\/wp-json\/wp\/v2\/comments?post=15345"}],"version-history":[{"count":30,"href":"https:\/\/us.officinegullo.com\/fr-ca\/wp-json\/wp\/v2\/pages\/15345\/revisions"}],"predecessor-version":[{"id":57022,"href":"https:\/\/us.officinegullo.com\/fr-ca\/wp-json\/wp\/v2\/pages\/15345\/revisions\/57022"}],"wp:featuredmedia":[{"embeddable":true,"href":"https:\/\/us.officinegullo.com\/fr-ca\/wp-json\/wp\/v2\/media\/23744"}],"wp:attachment":[{"href":"https:\/\/us.officinegullo.com\/fr-ca\/wp-json\/wp\/v2\/media?parent=15345"}],"curies":[{"name":"wp","href":"https:\/\/api.w.org\/{rel}","templated":true}]}}