{"id":15335,"date":"2021-08-17T09:57:40","date_gmt":"2021-08-17T07:57:40","guid":{"rendered":"https:\/\/us.officinegullo.com\/azienda-di-persone\/"},"modified":"2024-01-24T10:04:34","modified_gmt":"2024-01-24T09:04:34","slug":"a-people-first-company","status":"publish","type":"page","link":"https:\/\/us.officinegullo.com\/fr-ca\/about\/une-entreprise-de-personnes\/","title":{"rendered":"Une entreprise de personnes"},"content":{"rendered":"","protected":false},"excerpt":{"rendered":"","protected":false},"author":2,"featured_media":0,"parent":15340,"menu_order":0,"comment_status":"closed","ping_status":"closed","template":"tpl-single.php","meta":{"_acf_changed":false,"footnotes":""},"class_list":["post-15335","page","type-page","status-publish","hentry"],"acf":[],"yoast_head":"<!-- This site is optimized with the Yoast SEO Premium plugin v27.2 (Yoast SEO v27.2) - https:\/\/yoast.com\/product\/yoast-seo-premium-wordpress\/ -->\n<title>Une entreprise de personnes | Officine Gullo<\/title>\n<meta name=\"description\" content=\"Chaque produit Officine Gullo raconte une histoire, cr\u00e9\u00e9e gr\u00e2ce \u00e0 une collaboration unique entre architectes, designers, ing\u00e9nieurs, artisans et cr\u00e9ateurs num\u00e9riques.\" \/>\n<meta name=\"robots\" content=\"index, follow, max-snippet:-1, max-image-preview:large, max-video-preview:-1\" \/>\n<link rel=\"canonical\" href=\"https:\/\/us.officinegullo.com\/fr-ca\/about\/une-entreprise-de-personnes\/\" \/>\n<meta property=\"og:locale\" content=\"fr_CA\" \/>\n<meta property=\"og:type\" content=\"article\" \/>\n<meta property=\"og:title\" content=\"Une entreprise de personnes | Officine Gullo\" \/>\n<meta property=\"og:description\" content=\"Chaque produit Officine Gullo raconte une histoire, cr\u00e9\u00e9e gr\u00e2ce \u00e0 une collaboration unique entre architectes, designers, ing\u00e9nieurs, artisans et cr\u00e9ateurs num\u00e9riques.\" \/>\n<meta property=\"og:url\" content=\"https:\/\/us.officinegullo.com\/fr-ca\/about\/une-entreprise-de-personnes\/\" \/>\n<meta property=\"og:site_name\" content=\"Officine Gullo\" \/>\n<meta property=\"article:modified_time\" content=\"2024-01-24T09:04:34+00:00\" \/>\n<meta name=\"twitter:card\" content=\"summary_large_image\" \/>\n<script type=\"application\/ld+json\" class=\"yoast-schema-graph\">{\"@context\":\"https:\/\/schema.org\",\"@graph\":[{\"@type\":\"WebPage\",\"@id\":\"https:\/\/us.officinegullo.com\/fr-ca\/about\/une-entreprise-de-personnes\/\",\"url\":\"https:\/\/us.officinegullo.com\/fr-ca\/about\/une-entreprise-de-personnes\/\",\"name\":\"Une entreprise de personnes | Officine Gullo\",\"isPartOf\":{\"@id\":\"https:\/\/us.officinegullo.com\/fr-ca\/#website\"},\"datePublished\":\"2021-08-17T07:57:40+00:00\",\"dateModified\":\"2024-01-24T09:04:34+00:00\",\"description\":\"Chaque produit Officine Gullo raconte une histoire, cr\u00e9\u00e9e gr\u00e2ce \u00e0 une collaboration unique entre architectes, designers, ing\u00e9nieurs, artisans et cr\u00e9ateurs num\u00e9riques.\",\"breadcrumb\":{\"@id\":\"https:\/\/us.officinegullo.com\/fr-ca\/about\/une-entreprise-de-personnes\/#breadcrumb\"},\"inLanguage\":\"fr-CA\",\"potentialAction\":[{\"@type\":\"ReadAction\",\"target\":[\"https:\/\/us.officinegullo.com\/fr-ca\/about\/une-entreprise-de-personnes\/\"]}]},{\"@type\":\"BreadcrumbList\",\"@id\":\"https:\/\/us.officinegullo.com\/fr-ca\/about\/une-entreprise-de-personnes\/#breadcrumb\",\"itemListElement\":[{\"@type\":\"ListItem\",\"position\":1,\"name\":\"Home\",\"item\":\"https:\/\/us.officinegullo.com\/fr-ca\/\"},{\"@type\":\"ListItem\",\"position\":2,\"name\":\"About\",\"item\":\"https:\/\/us.officinegullo.com\/fr-ca\/about\/\"},{\"@type\":\"ListItem\",\"position\":3,\"name\":\"Une entreprise de personnes\"}]},{\"@type\":\"WebSite\",\"@id\":\"https:\/\/us.officinegullo.com\/fr-ca\/#website\",\"url\":\"https:\/\/us.officinegullo.com\/fr-ca\/\",\"name\":\"Officine Gullo\",\"description\":\"Un nuovo sito targato WordPress\",\"potentialAction\":[{\"@type\":\"SearchAction\",\"target\":{\"@type\":\"EntryPoint\",\"urlTemplate\":\"https:\/\/us.officinegullo.com\/fr-ca\/?s={search_term_string}\"},\"query-input\":{\"@type\":\"PropertyValueSpecification\",\"valueRequired\":true,\"valueName\":\"search_term_string\"}}],\"inLanguage\":\"fr-CA\"}]}<\/script>\n<!-- \/ Yoast SEO Premium plugin. -->","yoast_head_json":{"title":"Une entreprise de personnes | Officine Gullo","description":"Chaque produit Officine Gullo raconte une histoire, cr\u00e9\u00e9e gr\u00e2ce \u00e0 une collaboration unique entre architectes, designers, ing\u00e9nieurs, artisans et cr\u00e9ateurs num\u00e9riques.","robots":{"index":"index","follow":"follow","max-snippet":"max-snippet:-1","max-image-preview":"max-image-preview:large","max-video-preview":"max-video-preview:-1"},"canonical":"https:\/\/us.officinegullo.com\/fr-ca\/about\/une-entreprise-de-personnes\/","og_locale":"fr_CA","og_type":"article","og_title":"Une entreprise de personnes | Officine Gullo","og_description":"Chaque produit Officine Gullo raconte une histoire, cr\u00e9\u00e9e gr\u00e2ce \u00e0 une collaboration unique entre architectes, designers, ing\u00e9nieurs, artisans et cr\u00e9ateurs num\u00e9riques.","og_url":"https:\/\/us.officinegullo.com\/fr-ca\/about\/une-entreprise-de-personnes\/","og_site_name":"Officine Gullo","article_modified_time":"2024-01-24T09:04:34+00:00","twitter_card":"summary_large_image","schema":{"@context":"https:\/\/schema.org","@graph":[{"@type":"WebPage","@id":"https:\/\/us.officinegullo.com\/fr-ca\/about\/une-entreprise-de-personnes\/","url":"https:\/\/us.officinegullo.com\/fr-ca\/about\/une-entreprise-de-personnes\/","name":"Une entreprise de personnes | Officine Gullo","isPartOf":{"@id":"https:\/\/us.officinegullo.com\/fr-ca\/#website"},"datePublished":"2021-08-17T07:57:40+00:00","dateModified":"2024-01-24T09:04:34+00:00","description":"Chaque produit Officine Gullo raconte une histoire, cr\u00e9\u00e9e gr\u00e2ce \u00e0 une collaboration unique entre architectes, designers, ing\u00e9nieurs, artisans et cr\u00e9ateurs num\u00e9riques.","breadcrumb":{"@id":"https:\/\/us.officinegullo.com\/fr-ca\/about\/une-entreprise-de-personnes\/#breadcrumb"},"inLanguage":"fr-CA","potentialAction":[{"@type":"ReadAction","target":["https:\/\/us.officinegullo.com\/fr-ca\/about\/une-entreprise-de-personnes\/"]}]},{"@type":"BreadcrumbList","@id":"https:\/\/us.officinegullo.com\/fr-ca\/about\/une-entreprise-de-personnes\/#breadcrumb","itemListElement":[{"@type":"ListItem","position":1,"name":"Home","item":"https:\/\/us.officinegullo.com\/fr-ca\/"},{"@type":"ListItem","position":2,"name":"About","item":"https:\/\/us.officinegullo.com\/fr-ca\/about\/"},{"@type":"ListItem","position":3,"name":"Une entreprise de personnes"}]},{"@type":"WebSite","@id":"https:\/\/us.officinegullo.com\/fr-ca\/#website","url":"https:\/\/us.officinegullo.com\/fr-ca\/","name":"Officine Gullo","description":"Un nuovo sito targato WordPress","potentialAction":[{"@type":"SearchAction","target":{"@type":"EntryPoint","urlTemplate":"https:\/\/us.officinegullo.com\/fr-ca\/?s={search_term_string}"},"query-input":{"@type":"PropertyValueSpecification","valueRequired":true,"valueName":"search_term_string"}}],"inLanguage":"fr-CA"}]}},"_links":{"self":[{"href":"https:\/\/us.officinegullo.com\/fr-ca\/wp-json\/wp\/v2\/pages\/15335","targetHints":{"allow":["GET"]}}],"collection":[{"href":"https:\/\/us.officinegullo.com\/fr-ca\/wp-json\/wp\/v2\/pages"}],"about":[{"href":"https:\/\/us.officinegullo.com\/fr-ca\/wp-json\/wp\/v2\/types\/page"}],"author":[{"embeddable":true,"href":"https:\/\/us.officinegullo.com\/fr-ca\/wp-json\/wp\/v2\/users\/2"}],"replies":[{"embeddable":true,"href":"https:\/\/us.officinegullo.com\/fr-ca\/wp-json\/wp\/v2\/comments?post=15335"}],"version-history":[{"count":6,"href":"https:\/\/us.officinegullo.com\/fr-ca\/wp-json\/wp\/v2\/pages\/15335\/revisions"}],"predecessor-version":[{"id":25473,"href":"https:\/\/us.officinegullo.com\/fr-ca\/wp-json\/wp\/v2\/pages\/15335\/revisions\/25473"}],"up":[{"embeddable":true,"href":"https:\/\/us.officinegullo.com\/fr-ca\/wp-json\/wp\/v2\/pages\/15340"}],"wp:attachment":[{"href":"https:\/\/us.officinegullo.com\/fr-ca\/wp-json\/wp\/v2\/media?parent=15335"}],"curies":[{"name":"wp","href":"https:\/\/api.w.org\/{rel}","templated":true}]}}