{"id":15320,"date":"2021-09-13T12:01:02","date_gmt":"2021-09-13T10:01:02","guid":{"rendered":"https:\/\/us.officinegullo.com\/cataloghi\/"},"modified":"2024-02-15T15:15:57","modified_gmt":"2024-02-15T14:15:57","slug":"cataloghi","status":"publish","type":"page","link":"https:\/\/us.officinegullo.com\/fr-ca\/downloads\/catalogues\/","title":{"rendered":"Catalogues"},"content":{"rendered":"","protected":false},"excerpt":{"rendered":"","protected":false},"author":1,"featured_media":0,"parent":15343,"menu_order":0,"comment_status":"closed","ping_status":"closed","template":"tpl-single.php","meta":{"_acf_changed":false,"footnotes":""},"class_list":["post-15320","page","type-page","status-publish","hentry"],"acf":[],"yoast_head":"<!-- This site is optimized with the Yoast SEO Premium plugin v27.2 (Yoast SEO v27.2) - https:\/\/yoast.com\/product\/yoast-seo-premium-wordpress\/ -->\n<title>T\u00e9l\u00e9chargez nos catalogues | Officine Gullo<\/title>\n<meta name=\"description\" content=\"D\u00e9couvrez les catalogues de cuisine exquis d&#039;Officine Gullo. T\u00e9l\u00e9chargez d\u00e8s maintenant pour explorer des solutions innovantes pour votre cuisine de r\u00eave\" \/>\n<meta name=\"robots\" content=\"noindex, nofollow\" \/>\n<meta property=\"og:locale\" content=\"fr_CA\" \/>\n<meta property=\"og:type\" content=\"article\" \/>\n<meta property=\"og:title\" content=\"T\u00e9l\u00e9chargez nos catalogues | Officine Gullo\" \/>\n<meta property=\"og:description\" content=\"D\u00e9couvrez les catalogues de cuisine exquis d&#039;Officine Gullo. T\u00e9l\u00e9chargez d\u00e8s maintenant pour explorer des solutions innovantes pour votre cuisine de r\u00eave\" \/>\n<meta property=\"og:url\" content=\"https:\/\/us.officinegullo.com\/fr-ca\/downloads\/catalogues\/\" \/>\n<meta property=\"og:site_name\" content=\"Officine Gullo\" \/>\n<meta property=\"article:modified_time\" content=\"2024-02-15T14:15:57+00:00\" \/>\n<meta name=\"twitter:card\" content=\"summary_large_image\" \/>\n<script type=\"application\/ld+json\" class=\"yoast-schema-graph\">{\"@context\":\"https:\/\/schema.org\",\"@graph\":[{\"@type\":\"WebPage\",\"@id\":\"https:\/\/us.officinegullo.com\/fr-ca\/downloads\/catalogues\/\",\"url\":\"https:\/\/us.officinegullo.com\/fr-ca\/downloads\/catalogues\/\",\"name\":\"T\u00e9l\u00e9chargez nos catalogues | Officine Gullo\",\"isPartOf\":{\"@id\":\"https:\/\/us.officinegullo.com\/fr-ca\/#website\"},\"datePublished\":\"2021-09-13T10:01:02+00:00\",\"dateModified\":\"2024-02-15T14:15:57+00:00\",\"description\":\"D\u00e9couvrez les catalogues de cuisine exquis d'Officine Gullo. T\u00e9l\u00e9chargez d\u00e8s maintenant pour explorer des solutions innovantes pour votre cuisine de r\u00eave\",\"breadcrumb\":{\"@id\":\"https:\/\/us.officinegullo.com\/fr-ca\/downloads\/catalogues\/#breadcrumb\"},\"inLanguage\":\"fr-CA\",\"potentialAction\":[{\"@type\":\"ReadAction\",\"target\":[\"https:\/\/us.officinegullo.com\/fr-ca\/downloads\/catalogues\/\"]}]},{\"@type\":\"BreadcrumbList\",\"@id\":\"https:\/\/us.officinegullo.com\/fr-ca\/downloads\/catalogues\/#breadcrumb\",\"itemListElement\":[{\"@type\":\"ListItem\",\"position\":1,\"name\":\"Home\",\"item\":\"https:\/\/us.officinegullo.com\/fr-ca\/\"},{\"@type\":\"ListItem\",\"position\":2,\"name\":\"Downloads\",\"item\":\"https:\/\/us.officinegullo.com\/fr-ca\/downloads\/\"},{\"@type\":\"ListItem\",\"position\":3,\"name\":\"Catalogues\"}]},{\"@type\":\"WebSite\",\"@id\":\"https:\/\/us.officinegullo.com\/fr-ca\/#website\",\"url\":\"https:\/\/us.officinegullo.com\/fr-ca\/\",\"name\":\"Officine Gullo\",\"description\":\"Un nuovo sito targato WordPress\",\"potentialAction\":[{\"@type\":\"SearchAction\",\"target\":{\"@type\":\"EntryPoint\",\"urlTemplate\":\"https:\/\/us.officinegullo.com\/fr-ca\/?s={search_term_string}\"},\"query-input\":{\"@type\":\"PropertyValueSpecification\",\"valueRequired\":true,\"valueName\":\"search_term_string\"}}],\"inLanguage\":\"fr-CA\"}]}<\/script>\n<!-- \/ Yoast SEO Premium plugin. -->","yoast_head_json":{"title":"T\u00e9l\u00e9chargez nos catalogues | Officine Gullo","description":"D\u00e9couvrez les catalogues de cuisine exquis d'Officine Gullo. T\u00e9l\u00e9chargez d\u00e8s maintenant pour explorer des solutions innovantes pour votre cuisine de r\u00eave","robots":{"index":"noindex","follow":"nofollow"},"og_locale":"fr_CA","og_type":"article","og_title":"T\u00e9l\u00e9chargez nos catalogues | Officine Gullo","og_description":"D\u00e9couvrez les catalogues de cuisine exquis d'Officine Gullo. T\u00e9l\u00e9chargez d\u00e8s maintenant pour explorer des solutions innovantes pour votre cuisine de r\u00eave","og_url":"https:\/\/us.officinegullo.com\/fr-ca\/downloads\/catalogues\/","og_site_name":"Officine Gullo","article_modified_time":"2024-02-15T14:15:57+00:00","twitter_card":"summary_large_image","schema":{"@context":"https:\/\/schema.org","@graph":[{"@type":"WebPage","@id":"https:\/\/us.officinegullo.com\/fr-ca\/downloads\/catalogues\/","url":"https:\/\/us.officinegullo.com\/fr-ca\/downloads\/catalogues\/","name":"T\u00e9l\u00e9chargez nos catalogues | Officine Gullo","isPartOf":{"@id":"https:\/\/us.officinegullo.com\/fr-ca\/#website"},"datePublished":"2021-09-13T10:01:02+00:00","dateModified":"2024-02-15T14:15:57+00:00","description":"D\u00e9couvrez les catalogues de cuisine exquis d'Officine Gullo. T\u00e9l\u00e9chargez d\u00e8s maintenant pour explorer des solutions innovantes pour votre cuisine de r\u00eave","breadcrumb":{"@id":"https:\/\/us.officinegullo.com\/fr-ca\/downloads\/catalogues\/#breadcrumb"},"inLanguage":"fr-CA","potentialAction":[{"@type":"ReadAction","target":["https:\/\/us.officinegullo.com\/fr-ca\/downloads\/catalogues\/"]}]},{"@type":"BreadcrumbList","@id":"https:\/\/us.officinegullo.com\/fr-ca\/downloads\/catalogues\/#breadcrumb","itemListElement":[{"@type":"ListItem","position":1,"name":"Home","item":"https:\/\/us.officinegullo.com\/fr-ca\/"},{"@type":"ListItem","position":2,"name":"Downloads","item":"https:\/\/us.officinegullo.com\/fr-ca\/downloads\/"},{"@type":"ListItem","position":3,"name":"Catalogues"}]},{"@type":"WebSite","@id":"https:\/\/us.officinegullo.com\/fr-ca\/#website","url":"https:\/\/us.officinegullo.com\/fr-ca\/","name":"Officine Gullo","description":"Un nuovo sito targato WordPress","potentialAction":[{"@type":"SearchAction","target":{"@type":"EntryPoint","urlTemplate":"https:\/\/us.officinegullo.com\/fr-ca\/?s={search_term_string}"},"query-input":{"@type":"PropertyValueSpecification","valueRequired":true,"valueName":"search_term_string"}}],"inLanguage":"fr-CA"}]}},"_links":{"self":[{"href":"https:\/\/us.officinegullo.com\/fr-ca\/wp-json\/wp\/v2\/pages\/15320","targetHints":{"allow":["GET"]}}],"collection":[{"href":"https:\/\/us.officinegullo.com\/fr-ca\/wp-json\/wp\/v2\/pages"}],"about":[{"href":"https:\/\/us.officinegullo.com\/fr-ca\/wp-json\/wp\/v2\/types\/page"}],"author":[{"embeddable":true,"href":"https:\/\/us.officinegullo.com\/fr-ca\/wp-json\/wp\/v2\/users\/1"}],"replies":[{"embeddable":true,"href":"https:\/\/us.officinegullo.com\/fr-ca\/wp-json\/wp\/v2\/comments?post=15320"}],"version-history":[{"count":10,"href":"https:\/\/us.officinegullo.com\/fr-ca\/wp-json\/wp\/v2\/pages\/15320\/revisions"}],"predecessor-version":[{"id":41338,"href":"https:\/\/us.officinegullo.com\/fr-ca\/wp-json\/wp\/v2\/pages\/15320\/revisions\/41338"}],"up":[{"embeddable":true,"href":"https:\/\/us.officinegullo.com\/fr-ca\/wp-json\/wp\/v2\/pages\/15343"}],"wp:attachment":[{"href":"https:\/\/us.officinegullo.com\/fr-ca\/wp-json\/wp\/v2\/media?parent=15320"}],"curies":[{"name":"wp","href":"https:\/\/api.w.org\/{rel}","templated":true}]}}