{"id":15313,"date":"2021-10-25T13:03:31","date_gmt":"2021-10-25T11:03:31","guid":{"rendered":"https:\/\/us.officinegullo.com\/?page_id=15313"},"modified":"2024-12-11T16:53:52","modified_gmt":"2024-12-11T15:53:52","slug":"officine-gullo-house-private-experiences-in-the-heart-of-florence","status":"publish","type":"page","link":"https:\/\/us.officinegullo.com\/fr-ca\/experience\/","title":{"rendered":"Experience"},"content":{"rendered":"","protected":false},"excerpt":{"rendered":"","protected":false},"author":2,"featured_media":15314,"parent":0,"menu_order":0,"comment_status":"closed","ping_status":"closed","template":"tpl-single.php","meta":{"_acf_changed":false,"footnotes":""},"class_list":["post-15313","page","type-page","status-publish","has-post-thumbnail","hentry"],"acf":[],"yoast_head":"<!-- This site is optimized with the Yoast SEO Premium plugin v27.2 (Yoast SEO v27.2) - https:\/\/yoast.com\/product\/yoast-seo-premium-wordpress\/ -->\n<title>Officine Gullo House : Exp\u00e9riences Priv\u00e9es au C\u0153ur de Florence<\/title>\n<meta name=\"description\" content=\"Un temple o\u00f9 l&#039;art de la cuisine italienne se m\u00eale \u00e0 l&#039;excellence gastronomique. D\u00e9couvrez nos propositions.\" \/>\n<meta name=\"robots\" content=\"index, follow, max-snippet:-1, max-image-preview:large, max-video-preview:-1\" \/>\n<link rel=\"canonical\" href=\"https:\/\/us.officinegullo.com\/fr-ca\/experience\/\" \/>\n<meta property=\"og:locale\" content=\"fr_CA\" \/>\n<meta property=\"og:type\" content=\"article\" \/>\n<meta property=\"og:title\" content=\"Officine Gullo House : Exp\u00e9riences Priv\u00e9es au C\u0153ur de Florence\" \/>\n<meta property=\"og:description\" content=\"Un temple o\u00f9 l&#039;art de la cuisine italienne se m\u00eale \u00e0 l&#039;excellence gastronomique. D\u00e9couvrez nos propositions.\" \/>\n<meta property=\"og:url\" content=\"https:\/\/us.officinegullo.com\/fr-ca\/experience\/\" \/>\n<meta property=\"og:site_name\" content=\"Officine Gullo\" \/>\n<meta property=\"article:modified_time\" content=\"2024-12-11T15:53:52+00:00\" \/>\n<meta property=\"og:image\" content=\"https:\/\/s3.eu-central-1.amazonaws.com\/us.officinegullo.com\/wp-content\/uploads\/2021\/08\/19122417\/Officine-Gullo-House-6.jpg\" \/>\n\t<meta property=\"og:image:width\" content=\"1500\" \/>\n\t<meta property=\"og:image:height\" content=\"1000\" \/>\n\t<meta property=\"og:image:type\" content=\"image\/jpeg\" \/>\n<meta name=\"twitter:card\" content=\"summary_large_image\" \/>\n<meta name=\"twitter:label1\" content=\"Estimation du temps de lecture\" \/>\n\t<meta name=\"twitter:data1\" content=\"1 minute\" \/>\n<script type=\"application\/ld+json\" class=\"yoast-schema-graph\">{\"@context\":\"https:\/\/schema.org\",\"@graph\":[{\"@type\":\"WebPage\",\"@id\":\"https:\/\/us.officinegullo.com\/fr-ca\/experience\/\",\"url\":\"https:\/\/us.officinegullo.com\/fr-ca\/experience\/\",\"name\":\"Officine Gullo House : Exp\u00e9riences Priv\u00e9es au C\u0153ur de Florence\",\"isPartOf\":{\"@id\":\"https:\/\/us.officinegullo.com\/fr-ca\/#website\"},\"primaryImageOfPage\":{\"@id\":\"https:\/\/us.officinegullo.com\/fr-ca\/experience\/#primaryimage\"},\"image\":{\"@id\":\"https:\/\/us.officinegullo.com\/fr-ca\/experience\/#primaryimage\"},\"thumbnailUrl\":\"https:\/\/s3.eu-central-1.amazonaws.com\/us.officinegullo.com\/wp-content\/uploads\/2021\/08\/19122417\/Officine-Gullo-House-6.jpg\",\"datePublished\":\"2021-10-25T11:03:31+00:00\",\"dateModified\":\"2024-12-11T15:53:52+00:00\",\"description\":\"Un temple o\u00f9 l'art de la cuisine italienne se m\u00eale \u00e0 l'excellence gastronomique. D\u00e9couvrez nos propositions.\",\"breadcrumb\":{\"@id\":\"https:\/\/us.officinegullo.com\/fr-ca\/experience\/#breadcrumb\"},\"inLanguage\":\"fr-CA\",\"potentialAction\":[{\"@type\":\"ReadAction\",\"target\":[\"https:\/\/us.officinegullo.com\/fr-ca\/experience\/\"]}]},{\"@type\":\"ImageObject\",\"inLanguage\":\"fr-CA\",\"@id\":\"https:\/\/us.officinegullo.com\/fr-ca\/experience\/#primaryimage\",\"url\":\"https:\/\/s3.eu-central-1.amazonaws.com\/us.officinegullo.com\/wp-content\/uploads\/2021\/08\/19122417\/Officine-Gullo-House-6.jpg\",\"contentUrl\":\"https:\/\/s3.eu-central-1.amazonaws.com\/us.officinegullo.com\/wp-content\/uploads\/2021\/08\/19122417\/Officine-Gullo-House-6.jpg\",\"width\":1500,\"height\":1000},{\"@type\":\"BreadcrumbList\",\"@id\":\"https:\/\/us.officinegullo.com\/fr-ca\/experience\/#breadcrumb\",\"itemListElement\":[{\"@type\":\"ListItem\",\"position\":1,\"name\":\"Home\",\"item\":\"https:\/\/us.officinegullo.com\/fr-ca\/\"},{\"@type\":\"ListItem\",\"position\":2,\"name\":\"Experience\"}]},{\"@type\":\"WebSite\",\"@id\":\"https:\/\/us.officinegullo.com\/fr-ca\/#website\",\"url\":\"https:\/\/us.officinegullo.com\/fr-ca\/\",\"name\":\"Officine Gullo\",\"description\":\"Un nuovo sito targato WordPress\",\"potentialAction\":[{\"@type\":\"SearchAction\",\"target\":{\"@type\":\"EntryPoint\",\"urlTemplate\":\"https:\/\/us.officinegullo.com\/fr-ca\/?s={search_term_string}\"},\"query-input\":{\"@type\":\"PropertyValueSpecification\",\"valueRequired\":true,\"valueName\":\"search_term_string\"}}],\"inLanguage\":\"fr-CA\"}]}<\/script>\n<!-- \/ Yoast SEO Premium plugin. -->","yoast_head_json":{"title":"Officine Gullo House : Exp\u00e9riences Priv\u00e9es au C\u0153ur de Florence","description":"Un temple o\u00f9 l'art de la cuisine italienne se m\u00eale \u00e0 l'excellence gastronomique. D\u00e9couvrez nos propositions.","robots":{"index":"index","follow":"follow","max-snippet":"max-snippet:-1","max-image-preview":"max-image-preview:large","max-video-preview":"max-video-preview:-1"},"canonical":"https:\/\/us.officinegullo.com\/fr-ca\/experience\/","og_locale":"fr_CA","og_type":"article","og_title":"Officine Gullo House : Exp\u00e9riences Priv\u00e9es au C\u0153ur de Florence","og_description":"Un temple o\u00f9 l'art de la cuisine italienne se m\u00eale \u00e0 l'excellence gastronomique. D\u00e9couvrez nos propositions.","og_url":"https:\/\/us.officinegullo.com\/fr-ca\/experience\/","og_site_name":"Officine Gullo","article_modified_time":"2024-12-11T15:53:52+00:00","og_image":[{"width":1500,"height":1000,"url":"https:\/\/s3.eu-central-1.amazonaws.com\/us.officinegullo.com\/wp-content\/uploads\/2021\/08\/19122417\/Officine-Gullo-House-6.jpg","type":"image\/jpeg"}],"twitter_card":"summary_large_image","twitter_misc":{"Estimation du temps de lecture":"1 minute"},"schema":{"@context":"https:\/\/schema.org","@graph":[{"@type":"WebPage","@id":"https:\/\/us.officinegullo.com\/fr-ca\/experience\/","url":"https:\/\/us.officinegullo.com\/fr-ca\/experience\/","name":"Officine Gullo House : Exp\u00e9riences Priv\u00e9es au C\u0153ur de Florence","isPartOf":{"@id":"https:\/\/us.officinegullo.com\/fr-ca\/#website"},"primaryImageOfPage":{"@id":"https:\/\/us.officinegullo.com\/fr-ca\/experience\/#primaryimage"},"image":{"@id":"https:\/\/us.officinegullo.com\/fr-ca\/experience\/#primaryimage"},"thumbnailUrl":"https:\/\/s3.eu-central-1.amazonaws.com\/us.officinegullo.com\/wp-content\/uploads\/2021\/08\/19122417\/Officine-Gullo-House-6.jpg","datePublished":"2021-10-25T11:03:31+00:00","dateModified":"2024-12-11T15:53:52+00:00","description":"Un temple o\u00f9 l'art de la cuisine italienne se m\u00eale \u00e0 l'excellence gastronomique. D\u00e9couvrez nos propositions.","breadcrumb":{"@id":"https:\/\/us.officinegullo.com\/fr-ca\/experience\/#breadcrumb"},"inLanguage":"fr-CA","potentialAction":[{"@type":"ReadAction","target":["https:\/\/us.officinegullo.com\/fr-ca\/experience\/"]}]},{"@type":"ImageObject","inLanguage":"fr-CA","@id":"https:\/\/us.officinegullo.com\/fr-ca\/experience\/#primaryimage","url":"https:\/\/s3.eu-central-1.amazonaws.com\/us.officinegullo.com\/wp-content\/uploads\/2021\/08\/19122417\/Officine-Gullo-House-6.jpg","contentUrl":"https:\/\/s3.eu-central-1.amazonaws.com\/us.officinegullo.com\/wp-content\/uploads\/2021\/08\/19122417\/Officine-Gullo-House-6.jpg","width":1500,"height":1000},{"@type":"BreadcrumbList","@id":"https:\/\/us.officinegullo.com\/fr-ca\/experience\/#breadcrumb","itemListElement":[{"@type":"ListItem","position":1,"name":"Home","item":"https:\/\/us.officinegullo.com\/fr-ca\/"},{"@type":"ListItem","position":2,"name":"Experience"}]},{"@type":"WebSite","@id":"https:\/\/us.officinegullo.com\/fr-ca\/#website","url":"https:\/\/us.officinegullo.com\/fr-ca\/","name":"Officine Gullo","description":"Un nuovo sito targato WordPress","potentialAction":[{"@type":"SearchAction","target":{"@type":"EntryPoint","urlTemplate":"https:\/\/us.officinegullo.com\/fr-ca\/?s={search_term_string}"},"query-input":{"@type":"PropertyValueSpecification","valueRequired":true,"valueName":"search_term_string"}}],"inLanguage":"fr-CA"}]}},"_links":{"self":[{"href":"https:\/\/us.officinegullo.com\/fr-ca\/wp-json\/wp\/v2\/pages\/15313","targetHints":{"allow":["GET"]}}],"collection":[{"href":"https:\/\/us.officinegullo.com\/fr-ca\/wp-json\/wp\/v2\/pages"}],"about":[{"href":"https:\/\/us.officinegullo.com\/fr-ca\/wp-json\/wp\/v2\/types\/page"}],"author":[{"embeddable":true,"href":"https:\/\/us.officinegullo.com\/fr-ca\/wp-json\/wp\/v2\/users\/2"}],"replies":[{"embeddable":true,"href":"https:\/\/us.officinegullo.com\/fr-ca\/wp-json\/wp\/v2\/comments?post=15313"}],"version-history":[{"count":14,"href":"https:\/\/us.officinegullo.com\/fr-ca\/wp-json\/wp\/v2\/pages\/15313\/revisions"}],"predecessor-version":[{"id":48159,"href":"https:\/\/us.officinegullo.com\/fr-ca\/wp-json\/wp\/v2\/pages\/15313\/revisions\/48159"}],"wp:featuredmedia":[{"embeddable":true,"href":"https:\/\/us.officinegullo.com\/fr-ca\/wp-json\/wp\/v2\/media\/15314"}],"wp:attachment":[{"href":"https:\/\/us.officinegullo.com\/fr-ca\/wp-json\/wp\/v2\/media?parent=15313"}],"curies":[{"name":"wp","href":"https:\/\/api.w.org\/{rel}","templated":true}]}}